{"id":2101,"date":"2017-10-30T21:29:40","date_gmt":"2017-10-31T01:29:40","guid":{"rendered":"\/technologie\/?page_id=2101"},"modified":"2018-06-21T18:34:11","modified_gmt":"2018-06-21T22:34:11","slug":"evenements","status":"publish","type":"page","link":"https:\/\/site.ac-martinique.fr\/technologie\/evenements\/","title":{"rendered":"\u00c9v\u00e8nements"},"content":{"rendered":"<table>\n<tbody>\n<tr>\n<td rowspan=\"2\"><img decoding=\"async\" src=\"\/technologie\/wp-content\/uploads\/sites\/24\/2017\/12\/CetC.jpg\" alt=\"\" \/><\/td>\n<th width=\"500px\"><span style=\"color: #003366\"><strong><span style=\"font-size: 18pt\"><a style=\"color: #003366\" href=\"\/technologie\/?page_id=2117\">Concours et Challenge<\/a><\/span><\/strong><\/span><\/th>\n<\/tr>\n<tr>\n<td><span style=\"color: #003366\"><img decoding=\"async\" src=\"\/technologie\/wp-content\/uploads\/sites\/24\/2017\/10\/icone-page.png\" alt=\"\" \/><span style=\"font-size: 16pt\"><a href=\"\/technologie\/?page_id=2202\">Infos Utiles<\/a><\/span><\/span><\/p>\n<p><span style=\"font-size: 16pt;color: #003366\"><img decoding=\"async\" src=\"\/technologie\/wp-content\/uploads\/sites\/24\/2017\/10\/icone-article.png\" alt=\"\" \/><a href=\"\/technologie\/?cat=67\">Coupe de robotique<\/a><\/span><\/p>\n<p><span style=\"font-size: 16pt;color: #003366\"><img decoding=\"async\" src=\"\/technologie\/wp-content\/uploads\/sites\/24\/2017\/10\/icone-article.png\" alt=\"\" \/><a href=\"\/technologie\/?cat=102\">R2T2<\/a><\/span><\/p>\n<p><span style=\"font-size: 16pt;color: #003366\"><img decoding=\"async\" src=\"\/technologie\/wp-content\/uploads\/sites\/24\/2017\/10\/icone-article.png\" alt=\"\" \/><a href=\"\/technologie\/?cat=62\">C G\u00e9nial<\/a><\/span><\/p>\n<p><span style=\"font-size: 16pt;color: #003366\"><img decoding=\"async\" src=\"\/technologie\/wp-content\/uploads\/sites\/24\/2017\/10\/icone-article.png\" alt=\"\" \/><a href=\"\/technologie\/?cat=103\">Robotique First<\/a><\/span><\/p>\n<p><span style=\"font-size: 16pt;color: #003366\"><img decoding=\"async\" src=\"\/technologie\/wp-content\/uploads\/sites\/24\/2017\/10\/icone-article.png\" alt=\"\" \/><a href=\"\/technologie\/?cat=83\">Concours Architecture<\/a><\/span><\/p>\n<p><span style=\"font-size: 16pt;color: #003366\"><img decoding=\"async\" src=\"\/technologie\/wp-content\/uploads\/sites\/24\/2017\/10\/icone-article.png\" alt=\"\" \/><a href=\"\/technologie\/?cat=46\">Concours b\u00e2tissiel<\/a><\/span><\/p>\n<p><span style=\"font-size: 16pt;color: #003366\"><img decoding=\"async\" src=\"\/technologie\/wp-content\/uploads\/sites\/24\/2017\/10\/icone-article.png\" alt=\"\" \/><a href=\"\/technologie\/?cat=66\">Concours ONISEP<\/a><\/span><\/p>\n<p><span style=\"font-size: 16pt;color: #003366\"><img decoding=\"async\" src=\"\/technologie\/wp-content\/uploads\/sites\/24\/2017\/10\/icone-article.png\" alt=\"\" \/><a href=\"\/technologie\/?cat=101\">Je film le m\u00e9tier qui me pla\u00eet<\/a><\/span><\/td>\n<\/tr>\n<\/tbody>\n<\/table>\n<p>&nbsp;<\/p>\n<p>&nbsp;<\/p>\n<table>\n<tbody>\n<tr>\n<td rowspan=\"2\"><img decoding=\"async\" src=\"\/technologie\/wp-content\/uploads\/sites\/24\/2017\/12\/logoNum\u00e9rique.jpg\" alt=\"\" \/><\/td>\n<th width=\"500px\"><span style=\"color: #003366\"><strong><span style=\"font-size: 18pt\"><img decoding=\"async\" src=\"\/technologie\/wp-content\/uploads\/sites\/24\/2017\/10\/icone-article.png\" alt=\"\" \/><a style=\"color: #003366\" href=\"\/technologie\/?cat=116\">SEMAINE DU NUMERIQUE<\/a><\/span><\/strong><\/span><\/th>\n<\/tr>\n<tr>\n<td><\/td>\n<\/tr>\n<\/tbody>\n<\/table>\n<p>&nbsp;<\/p>\n<p>&nbsp;<\/p>\n<table>\n<tbody>\n<tr>\n<td rowspan=\"2\"><img decoding=\"async\" src=\"\/technologie\/wp-content\/uploads\/sites\/24\/2017\/12\/logocref.jpg\" alt=\"\" \/><\/td>\n<th width=\"500px\"><span style=\"color: #003366\"><strong><span style=\"font-size: 18pt\"><a style=\"color: #003366\" href=\"\/technologie\/?page_id=2223\">GREF<\/a><\/span><\/strong><\/span><\/th>\n<\/tr>\n<tr>\n<td><span style=\"color: #003366;font-size: 16pt\"><img decoding=\"async\" src=\"\/technologie\/wp-content\/uploads\/sites\/24\/2017\/10\/icone-page.png\" alt=\"\" \/><span style=\"font-size: 16pt\"><a href=\"\/technologie\/?page_id=2223\">Informations G\u00e9n\u00e9rales<\/a><\/span><\/span><\/p>\n<p><span style=\"font-size: 16pt\"><img decoding=\"async\" src=\"\/technologie\/wp-content\/uploads\/sites\/24\/2017\/10\/icone-article.png\" alt=\"\" \/><a href=\"\/technologie\/?cat=113\">Articles<\/a><\/span><\/td>\n<\/tr>\n<\/tbody>\n<\/table>\n<p>&nbsp;<\/p>\n<table>\n<tbody>\n<tr>\n<td rowspan=\"2\"><img decoding=\"async\" src=\"\/technologie\/wp-content\/uploads\/sites\/24\/2017\/12\/logo_formation.jpg\" alt=\"\" \/><\/td>\n<th width=\"500px\"><span style=\"color: #003366\"><strong><span style=\"font-size: 18pt\"><a style=\"color: #003366\" href=\"\/technologie\/?page_id=2121\">Formations<\/a><\/span><\/strong><\/span><\/th>\n<\/tr>\n<tr>\n<td><span style=\"color: #003366;font-size: 16pt\"><img decoding=\"async\" src=\"\/technologie\/wp-content\/uploads\/sites\/24\/2017\/10\/icone-page.png\" alt=\"\" \/><span style=\"font-size: 16pt\"><a href=\"\/technologie\/?page_id=2225\">Informations G\u00e9n\u00e9rales<\/a><\/span><\/span><\/p>\n<p><span style=\"font-size: 16pt\"><img decoding=\"async\" src=\"\/technologie\/wp-content\/uploads\/sites\/24\/2017\/10\/icone-article.png\" alt=\"\" \/><a href=\"\/technologie\/?cat=115\">Articles<\/a><\/span><\/td>\n<\/tr>\n<\/tbody>\n<\/table>\n","protected":false},"excerpt":{"rendered":"<p>Concours et Challenge Infos Utiles Coupe de robotique R2T2 C G\u00e9nial Robotique First Concours Architecture Concours b\u00e2tissiel Concours ONISEP Je film le m\u00e9tier qui me pla\u00eet &nbsp; &nbsp; SEMAINE DU NUMERIQUE &nbsp; &nbsp; GREF Informations G\u00e9n\u00e9rales Articles &nbsp; Formations Informations &hellip; <a href=\"https:\/\/site.ac-martinique.fr\/technologie\/evenements\/\">Continuer la lecture <span class=\"meta-nav\">&rarr;<\/span><\/a><\/p>\n","protected":false},"author":80,"featured_media":0,"parent":0,"menu_order":0,"comment_status":"closed","ping_status":"closed","template":"","meta":{"footnotes":""},"class_list":["post-2101","page","type-page","status-publish","hentry"],"_links":{"self":[{"href":"https:\/\/site.ac-martinique.fr\/technologie\/wp-json\/wp\/v2\/pages\/2101","targetHints":{"allow":["GET"]}}],"collection":[{"href":"https:\/\/site.ac-martinique.fr\/technologie\/wp-json\/wp\/v2\/pages"}],"about":[{"href":"https:\/\/site.ac-martinique.fr\/technologie\/wp-json\/wp\/v2\/types\/page"}],"author":[{"embeddable":true,"href":"https:\/\/site.ac-martinique.fr\/technologie\/wp-json\/wp\/v2\/users\/80"}],"replies":[{"embeddable":true,"href":"https:\/\/site.ac-martinique.fr\/technologie\/wp-json\/wp\/v2\/comments?post=2101"}],"version-history":[{"count":9,"href":"https:\/\/site.ac-martinique.fr\/technologie\/wp-json\/wp\/v2\/pages\/2101\/revisions"}],"predecessor-version":[{"id":2355,"href":"https:\/\/site.ac-martinique.fr\/technologie\/wp-json\/wp\/v2\/pages\/2101\/revisions\/2355"}],"wp:attachment":[{"href":"https:\/\/site.ac-martinique.fr\/technologie\/wp-json\/wp\/v2\/media?parent=2101"}],"curies":[{"name":"wp","href":"https:\/\/api.w.org\/{rel}","templated":true}]}}