{"id":2109,"date":"2017-10-30T21:35:22","date_gmt":"2017-10-31T01:35:22","guid":{"rendered":"\/technologie\/?page_id=2109"},"modified":"2024-06-21T02:03:00","modified_gmt":"2024-06-21T06:03:00","slug":"contact","status":"publish","type":"page","link":"https:\/\/site.ac-martinique.fr\/technologie\/contact\/","title":{"rendered":"Contact"},"content":{"rendered":"<h2>\u00c9quipe<\/h2>\n<table class=\"montableau\">\n<tbody>\n<tr>\n<td class=\"avatarDansContact\" align=\"center\" valign=\"top\" width=\"250\"><img decoding=\"async\" src=\"\/technologie\/wp-content\/uploads\/sites\/24\/2017\/11\/ipr.jpg\" alt=\"avatar\" height=\"150\" \/><\/td>\n<td class=\"DescriptionDansContact\" valign=\"top\" width=\"250\">\n<h4>G\u00e9rard BAUDIN<\/h4>\n<div style=\"display:none;\"><a href=\"https:\/\/campingmelgaco.com\/\">asli88<\/a><\/div>\n<p><em>Inspecteur d&#8217;Acad\u00e9mie et Inspecteur R\u00e9gional de Sciences et Techniques Industrielles<\/em><\/p>\n<h5>Mail<\/h5>\n<p><a href=\"mailto:gerard.baudin@ac-martinique.fr\">gerard.baudin@ac-martinique.fr<\/a><\/p>\n<div style=\"display:none;\"><a href=\"https:\/\/zona131.com\/\">https:\/\/zona131.com\/<\/a><\/div>\n<p>&nbsp;<\/td>\n<\/tr>\n<\/tbody>\n<\/table>\n<h2><\/h2>\n<table class=\"montableau\">\n<tbody>\n<tr>\n<td class=\"avatarDansContact\" align=\"center\" valign=\"top\" width=\"250\"><img decoding=\"async\" src=\"\/technologie\/wp-content\/uploads\/sites\/24\/2017\/10\/DavidP.jpg\" alt=\"avatar\" height=\"150\" \/><\/td>\n<td class=\"DescriptionDansContact\" valign=\"top\" width=\"250\">\n<h4>David PALCY<\/h4>\n<p>Interlocuteur Acad\u00e9mique pour le Num\u00e9rique<\/p>\n<h5>Mail<\/h5>\n<p><a href=\"mailto:david.palcy@ac-martinique.fr\">david.palcy@ac-martinique.fr<\/a><\/td>\n<\/tr>\n<\/tbody>\n<\/table>\n<h2><\/h2>\n<div style=\"display:none;\">\n<a href=\"http:\/\/eo88thaivip.com\/\">eo88<\/a><\/p>\n<table class=\"montableau\">\n<tbody>\n<tr>\n<td class=\"avatarDansContact\" align=\"center\" valign=\"top\" width=\"250\"><img decoding=\"async\" src=\"\/technologie\/wp-content\/uploads\/sites\/24\/2017\/10\/DavidV.jpg\" alt=\"avatar\" height=\"150\" \/><\/td>\n<td class=\"DescriptionDansContact\" valign=\"top\" width=\"250\">\n<h4>David VENTURA<\/h4>\n<p>Coordinateur concours et challenges<\/p>\n<h5>Mail<\/h5>\n<p><a href=\"mailto:david.ventura@ac-martinique.fr\">david.ventura@ac-martinique.fr<\/a><\/td>\n<div style=\"display:none;\"><a style=\"display:none\" href=\"https:\/\/167.71.168.62\/\">LOKASI4D<\/a><\/div>\n<\/tr>\n<\/tbody>\n<\/table>\n<h2><\/h2>\n<table class=\"montableau\">\n<tbody>\n<tr>\n<td class=\"avatarDansContact\" align=\"center\" valign=\"top\" width=\"250\"><img decoding=\"async\" src=\"\/technologie\/wp-content\/uploads\/sites\/24\/2017\/11\/FullSizeRender.jpg\" alt=\"avatar\" height=\"150\" \/><\/td>\n<td class=\"DescriptionDansContact\" valign=\"top\" width=\"250\">\n<h4>J\u00e9r\u00f4me MAUMET<\/h4>\n<p>R\u00e9f\u00e9rent Robotique (Concours et formations)<\/p>\n<h5>Mail<\/h5>\n<p><a href=\"mailto:jerome.maumet@ac-martinique.fr\">jerome.maumet@ac-martinique.fr<\/a><\/td>\n<\/tr>\n<\/tbody>\n<\/table>\n<h2><\/h2>\n<h2><\/h2>\n<table class=\"montableau\">\n<tbody>\n<tr>\n<td class=\"avatarDansContact\" align=\"center\" valign=\"top\" width=\"250\"><\/td>\n<td class=\"DescriptionDansContact\" valign=\"top\" width=\"250\">\n<h4>C\u00e9dric LE CURIEUX CLERVILLE<\/h4>\n<p>Webmestre<\/p>\n<h5>Mail<\/h5>\n<p><a href=\"mailto:daniel.parade@ac-martinique.fr\">cle-curieux-clerville@ac-martinique.fr<\/a><\/td>\n<\/tr>\n<\/tbody>\n<\/table>\n<h2><\/h2>\n<table class=\"montableau\">\n<tbody>\n<tr>\n<td class=\"avatarDansContact\" align=\"center\" valign=\"top\" width=\"250\"><\/td>\n<td class=\"DescriptionDansContact\" valign=\"top\" width=\"250\"><\/td>\n<\/tr>\n<p><a style=\"display:none\" href=\"https:\/\/stokbinaguna.ac.id\/menhan\/slot777\">SLOT777<\/a><br \/>\n<a style=\"display:none\" href=\"https:\/\/stokbinaguna.ac.id\/menhan\/slotmaxwin\">slot gacor hari ini<\/a><\/p>\n<div style=\"display:none;\">\n<a href=\"https:\/\/discusfriends.org\/\">macau18<\/a><\/div>\n<div style=\"display:none;\">\n<a href=\"https:\/\/143.198.85.36\/\">playerslot88<\/a><\/div>\n<div style=\"display:none;\">\n<a href=\"https:\/\/scottilechuga.com\/\">agen judi bola online parlay<\/a><\/div>\n<div style=\"display:none;\">\n<a href=\"https:\/\/lionheartsrealm.com\/\">bangsatogel<\/a><\/div>\n<div style=\"display:none;\">\n<a href=\"https:\/\/cuevana3.mobi\/\">badak69<\/a><\/div>\n<div style=\"display:none;\">\n<a href=\"https:\/\/zilledefeu.com\/\">viartoto<\/a><\/div>\n<div style=\"display:none;\"><a href=\"https:\/\/smss.ayutthaya2.go.th\/pages\/pulsa\/\">depo pulsa<\/a><\/div>\n<div style=\"display:none;\">\n<a href=\"https:\/\/www.nsdlnet.in\/tpplay\/?tunnel=Daman\">DAMAN<\/a><\/div>\n<div style=\"display:none;\">\n<a href=\"https:\/\/bidikmisi.uinsgd.ac.id\/\">situs slot gacor 2024<\/a><\/div>\n<\/tbody>\n<\/table>\n<p>&nbsp;<\/p>\n","protected":false},"excerpt":{"rendered":"<p>\u00c9quipe G\u00e9rard BAUDIN asli88 Inspecteur d&#8217;Acad\u00e9mie et Inspecteur R\u00e9gional de Sciences et Techniques Industrielles Mail gerard.baudin@ac-martinique.fr https:\/\/zona131.com\/ &nbsp; David PALCY Interlocuteur Acad\u00e9mique pour le Num\u00e9rique Mail david.palcy@ac-martinique.fr eo88 David VENTURA Coordinateur concours et challenges Mail david.ventura@ac-martinique.fr LOKASI4D J\u00e9r\u00f4me MAUMET R\u00e9f\u00e9rent &hellip; <a href=\"https:\/\/site.ac-martinique.fr\/technologie\/contact\/\">Continuer la lecture <span class=\"meta-nav\">&rarr;<\/span><\/a><\/p>\n","protected":false},"author":80,"featured_media":0,"parent":0,"menu_order":0,"comment_status":"closed","ping_status":"closed","template":"","meta":{"footnotes":""},"class_list":["post-2109","page","type-page","status-publish","hentry"],"_links":{"self":[{"href":"https:\/\/site.ac-martinique.fr\/technologie\/wp-json\/wp\/v2\/pages\/2109","targetHints":{"allow":["GET"]}}],"collection":[{"href":"https:\/\/site.ac-martinique.fr\/technologie\/wp-json\/wp\/v2\/pages"}],"about":[{"href":"https:\/\/site.ac-martinique.fr\/technologie\/wp-json\/wp\/v2\/types\/page"}],"author":[{"embeddable":true,"href":"https:\/\/site.ac-martinique.fr\/technologie\/wp-json\/wp\/v2\/users\/80"}],"replies":[{"embeddable":true,"href":"https:\/\/site.ac-martinique.fr\/technologie\/wp-json\/wp\/v2\/comments?post=2109"}],"version-history":[{"count":27,"href":"https:\/\/site.ac-martinique.fr\/technologie\/wp-json\/wp\/v2\/pages\/2109\/revisions"}],"predecessor-version":[{"id":3067,"href":"https:\/\/site.ac-martinique.fr\/technologie\/wp-json\/wp\/v2\/pages\/2109\/revisions\/3067"}],"wp:attachment":[{"href":"https:\/\/site.ac-martinique.fr\/technologie\/wp-json\/wp\/v2\/media?parent=2109"}],"curies":[{"name":"wp","href":"https:\/\/api.w.org\/{rel}","templated":true}]}}