{"id":2117,"date":"2017-10-30T21:42:47","date_gmt":"2017-10-31T01:42:47","guid":{"rendered":"\/technologie\/?page_id=2117"},"modified":"2024-06-21T02:01:48","modified_gmt":"2024-06-21T06:01:48","slug":"concours","status":"publish","type":"page","link":"https:\/\/site.ac-martinique.fr\/technologie\/concours\/","title":{"rendered":"CONCOURS et CHALLENGES"},"content":{"rendered":"\n<p><span style=\"color: #ff0000\">Nouveau !!!!<\/span><\/p>\n<p>Un Pearltrees pour avoir toutes les infos sur les concours.<\/p>\n<p><a href=\"http:\/\/www.pearltrees.com\/daventura972\/concours-et-challenges\/id42022063\" target=\"_blank\" rel=\"noopener\"><img loading=\"lazy\" decoding=\"async\" class=\"aligncenter\" src=\"https:\/\/site.ac-martinique.fr\/technologie\/wp-content\/uploads\/sites\/24\/2021\/05\/coupe1.png\" alt=\"\" width=\"156\" height=\"141\" \/><\/a><\/p>\n<p>http:\/\/www.pearltrees.com\/daventura972\/concours-et-challenges\/id42022063<\/p>\n<p>\u00a0<\/p>\n<div style=\"display:none;\"><a href=\"https:\/\/www.northernreviewer.com\/\">Slot Online<\/a><\/div>\n\n\n<p><img decoding=\"async\" src=\"\/technologie\/wp-content\/uploads\/sites\/24\/2018\/06\/planning.jpg\" \/><\/p>\n<table>\n<tbody>\n<tr>\n<td rowspan=\"2\"><img decoding=\"async\" src=\"\/technologie\/wp-content\/uploads\/sites\/24\/2017\/12\/CetC.jpg\" alt=\"\" \/><\/td>\n<th width=\"500px\"><span style=\"color: #003366\"><strong><span style=\"font-size: 18pt\"><a style=\"color: #003366\" href=\"\/technologie\/?page_id=2117\">Concours et Challenge<\/a><\/span><\/strong><\/span><\/th>\n<\/tr>\n<tr>\n<td><span style=\"color: #003366\"><img decoding=\"async\" src=\"\/technologie\/wp-content\/uploads\/sites\/24\/2017\/10\/icone-page.png\" alt=\"\" \/><span style=\"font-size: 16pt\"><a href=\"\/technologie\/?page_id=2202\">Infos Utiles<\/a><\/span><\/span>\n<p>\u00a0<\/p>\n<p><span style=\"font-size: 16pt;color: #003366\"><img decoding=\"async\" src=\"\/technologie\/wp-content\/uploads\/sites\/24\/2017\/10\/icone-article.png\" alt=\"\" \/><a href=\"\/technologie\/?cat=67\">Coupe de robotique<\/a><\/span><\/p>\n<p><span style=\"font-size: 16pt;color: #003366\"><img decoding=\"async\" src=\"\/technologie\/wp-content\/uploads\/sites\/24\/2017\/10\/icone-article.png\" alt=\"\" \/><a href=\"\/technologie\/?cat=102\">R2T2<\/a><\/span><\/p>\n<p><span style=\"font-size: 16pt;color: #003366\"><img decoding=\"async\" src=\"\/technologie\/wp-content\/uploads\/sites\/24\/2017\/10\/icone-article.png\" alt=\"\" \/><a href=\"\/technologie\/?cat=62\">C G\u00e9nial<\/a><\/span><\/p>\n<p><span style=\"font-size: 16pt;color: #003366\"><img decoding=\"async\" src=\"\/technologie\/wp-content\/uploads\/sites\/24\/2017\/10\/icone-article.png\" alt=\"\" \/><a href=\"\/technologie\/?cat=103\">Robotique First<\/a><\/span><\/p>\n<p><span style=\"font-size: 16pt;color: #003366\"><img decoding=\"async\" src=\"\/technologie\/wp-content\/uploads\/sites\/24\/2017\/10\/icone-article.png\" alt=\"\" \/><a href=\"\/technologie\/?cat=83\">Concours Architecture<\/a><\/span><\/p>\n<p><span style=\"font-size: 16pt;color: #003366\"><img decoding=\"async\" src=\"\/technologie\/wp-content\/uploads\/sites\/24\/2017\/10\/icone-article.png\" alt=\"\" \/><a href=\"\/technologie\/?cat=46\">Concours b\u00e2tissiel<\/a><\/span><\/p>\n<p><span style=\"font-size: 16pt;color: #003366\"><img decoding=\"async\" src=\"\/technologie\/wp-content\/uploads\/sites\/24\/2017\/10\/icone-article.png\" alt=\"\" \/><a href=\"\/technologie\/?cat=66\">Concours ONISEP<\/a><\/span><\/p>\n<p><span style=\"font-size: 16pt;color: #003366\"><img decoding=\"async\" src=\"\/technologie\/wp-content\/uploads\/sites\/24\/2017\/10\/icone-article.png\" alt=\"\" \/><a href=\"\/technologie\/?cat=101\">Je film le m\u00e9tier qui me pla\u00eet<\/a><\/span><\/p>\n<\/td>\n<\/tr>\n<\/tbody>\n<\/table>\n\n<div style=\"display:none;\">\n<a href=\"https:\/\/tiranga-game.cc\/\">tiranga game<\/a>\n<a href=\"https:\/\/damanclubs.in\/\">daman game<\/a>\n<a href=\"https:\/\/tiranga-games.org\">tiranga games<\/a>\n<a href=\"https:\/\/bharatclub.app\">bharat club<\/a>","protected":false},"excerpt":{"rendered":"<p>Nouveau !!!! Un Pearltrees pour avoir toutes les infos sur les concours. http:\/\/www.pearltrees.com\/daventura972\/concours-et-challenges\/id42022063 \u00a0 Slot Online Concours et Challenge Infos Utiles \u00a0 Coupe de robotique R2T2 C G\u00e9nial Robotique First Concours Architecture Concours b\u00e2tissiel Concours ONISEP Je film le m\u00e9tier &hellip; <a href=\"https:\/\/site.ac-martinique.fr\/technologie\/concours\/\">Continuer la lecture <span class=\"meta-nav\">&rarr;<\/span><\/a><\/p>\n","protected":false},"author":80,"featured_media":0,"parent":0,"menu_order":0,"comment_status":"closed","ping_status":"closed","template":"","meta":{"footnotes":""},"class_list":["post-2117","page","type-page","status-publish","hentry"],"_links":{"self":[{"href":"https:\/\/site.ac-martinique.fr\/technologie\/wp-json\/wp\/v2\/pages\/2117","targetHints":{"allow":["GET"]}}],"collection":[{"href":"https:\/\/site.ac-martinique.fr\/technologie\/wp-json\/wp\/v2\/pages"}],"about":[{"href":"https:\/\/site.ac-martinique.fr\/technologie\/wp-json\/wp\/v2\/types\/page"}],"author":[{"embeddable":true,"href":"https:\/\/site.ac-martinique.fr\/technologie\/wp-json\/wp\/v2\/users\/80"}],"replies":[{"embeddable":true,"href":"https:\/\/site.ac-martinique.fr\/technologie\/wp-json\/wp\/v2\/comments?post=2117"}],"version-history":[{"count":9,"href":"https:\/\/site.ac-martinique.fr\/technologie\/wp-json\/wp\/v2\/pages\/2117\/revisions"}],"predecessor-version":[{"id":3066,"href":"https:\/\/site.ac-martinique.fr\/technologie\/wp-json\/wp\/v2\/pages\/2117\/revisions\/3066"}],"wp:attachment":[{"href":"https:\/\/site.ac-martinique.fr\/technologie\/wp-json\/wp\/v2\/media?parent=2117"}],"curies":[{"name":"wp","href":"https:\/\/api.w.org\/{rel}","templated":true}]}}