{"id":2137,"date":"2017-10-30T21:54:20","date_gmt":"2017-10-31T01:54:20","guid":{"rendered":"\/technologie\/?page_id=2137"},"modified":"2024-05-24T22:08:48","modified_gmt":"2024-05-25T02:08:48","slug":"materiel","status":"publish","type":"page","link":"https:\/\/site.ac-martinique.fr\/technologie\/materiel\/","title":{"rendered":"Mat\u00e9riel"},"content":{"rendered":"<p>Cette page (en cours de conception) permet quelques suggestions sur ce qu&#8217;il vous faut pour \u00e9quiper votre laboratoire de technologie.<\/p>\n<hr \/>\n<h1 style=\"text-align: center\"><span style=\"color: #003366\">Plan de salle<\/span><\/h1>\n<p>&nbsp;<\/p>\n<hr \/>\n<h1 style=\"text-align: center\"><span style=\"color: #003366\">Mat\u00e9riel P\u00e9dagogique<\/span><\/h1>\n<h2><span style=\"color: #ff6600\">Programmation embarqu\u00e9e<\/span><\/h2>\n<table class=\"montableautrois\">\n<tbody>\n<tr>\n<td class=\"avatarDansContactDeux\" align=\"center\" valign=\"top\"><img decoding=\"async\" src=\"\/technologie\/wp-content\/uploads\/sites\/24\/2019\/05\/mbot.jpg\" \/><\/td>\n<td class=\"DescriptionDansContact\" valign=\"top\">\n<p style=\"text-align: center\"><span style=\"color: #000000;font-size: 14pt\"><strong>Robot Mbot<\/strong><\/span><\/p>\n<hr \/>\n<p><strong>D<span style=\"color: #333333\">escription<\/span><\/strong><\/p>\n<p>&nbsp;<\/p>\n<hr \/>\n<p><span style=\"color: #333333\"><strong>Avis de l&#8217;\u00e9quipe<br \/>\n<\/strong><\/span><\/p>\n<p>&nbsp;<\/p>\n<hr \/>\n<p><span style=\"color: #333333\"><strong>Prix<\/strong><\/span><\/p>\n<p><span style=\"color: #333333\">\u00a0<\/span><\/p>\n<hr \/>\n<p><span style=\"color: #333333\"><strong>Devis<\/strong><\/span><br \/>\n<span style=\"color: #333333\"> Gotronic :<\/span><br \/>\n<span style=\"color: #333333\"> Lectronic :<\/span><br \/>\n<span style=\"color: #333333\"> Conrad :<\/span><br \/>\n<span style=\"color: #333333\"> A4 technology :<\/span><\/p>\n<hr \/>\n<p><span style=\"color: #333333\"><strong>Tutoriels<\/strong><\/span><\/td>\n<\/tr>\n<\/tbody>\n<\/table>\n<p>&nbsp;<\/p>\n<table class=\"montableautrois\">\n<tbody>\n<tr>\n<td class=\"avatarDansContactDeux\" align=\"center\" valign=\"top\"><img decoding=\"async\" src=\"\/technologie\/wp-content\/uploads\/sites\/24\/2019\/05\/thymio2.png\" \/><\/td>\n<td class=\"DescriptionDansContact\" valign=\"top\">\n<p style=\"text-align: center\"><span style=\"font-size: 14pt;color: #000000\"><strong>Robot Thymio<\/strong><\/span><\/p>\n<hr \/>\n<p><span style=\"color: #333333\"><strong>Description<br \/>\n<\/strong><\/span><\/p>\n<p>&nbsp;<\/p>\n<hr \/>\n<p><span style=\"color: #333333\"><strong>Avis de l&#8217;\u00e9quipe<\/strong><\/span><\/p>\n<p>&nbsp;<\/p>\n<hr \/>\n<p><span style=\"color: #333333\"><strong>Prix<\/strong><\/span><\/p>\n<p>&nbsp;<\/p>\n<hr \/>\n<p><span style=\"color: #333333\"><strong>Devis<\/strong><\/span><br \/>\n<span style=\"color: #333333\"> Gotronic :<\/span><br \/>\n<span style=\"color: #333333\"> Lectronic :<\/span><br \/>\n<span style=\"color: #333333\"> Conrad :<\/span><br \/>\n<span style=\"color: #333333\"> A4 technology :<\/span><\/p>\n<hr \/>\n<p><span style=\"color: #333333\"><strong>Tutoriels<\/strong><\/span><\/p>\n<p><a href=\"http:\/\/www.thymio.org\/fr\/aide\/\" target=\"_blank\" rel=\"noopener\">http:\/\/www.thymio.org\/fr\/aide\/<\/a><\/td>\n<\/tr>\n<\/tbody>\n<\/table>\n<p>&nbsp;<\/p>\n<table class=\"montableautrois\">\n<tbody>\n<tr>\n<td class=\"avatarDansContactDeux\" align=\"center\" valign=\"top\"><img decoding=\"async\" src=\"\/technologie\/wp-content\/uploads\/sites\/24\/2019\/05\/arduinoGrove.png\" \/><\/td>\n<td class=\"DescriptionDansContact\" valign=\"top\">\n<p style=\"text-align: center\"><strong><span style=\"font-size: 14pt\">Carte Arduino + technologie GROVE<\/span><\/strong><\/p>\n<hr \/>\n<p><strong>Description<br \/>\n<\/strong><\/p>\n<p>&nbsp;<\/p>\n<hr \/>\n<p><strong>Avis de l&#8217;\u00e9quipe<\/strong><\/p>\n<p style=\"text-align: center\"><strong>\u00a0<\/strong><\/p>\n<hr \/>\n<p><strong>Prix<\/strong><\/p>\n<p>la carte :<br \/>\nle kit de d\u00e9marrage Arduino (sans GROVE) :<br \/>\nle kit de d\u00e9marrage GROVE (sans arduino) :<\/p>\n<hr \/>\n<p><span style=\"color: #333333\"><strong>Devis<\/strong><\/span><br \/>\nGotronic :<br \/>\nLectronic :<br \/>\nConrad :<br \/>\nA4 technology :<\/p>\n<hr \/>\n<p><strong>Tutoriels<\/strong><\/td>\n<\/tr>\n<\/tbody>\n<\/table>\n<p>&nbsp;<\/p>\n<h2><span style=\"color: #ff6600\">Impression 3D<\/span><\/h2>\n<p>&nbsp;<\/p>\n<table class=\"montableautrois\">\n<tbody>\n<tr>\n<td class=\"avatarDansContactDeux\" align=\"center\" valign=\"top\"><img decoding=\"async\" src=\"\/technologie\/wp-content\/uploads\/sites\/24\/2019\/05\/impr3D01.png\" \/><\/td>\n<td class=\"DescriptionDansContact\" valign=\"top\">\n<p style=\"text-align: center\"><span style=\"font-size: 14pt\"><strong>Flashforge Adventurer 3<\/strong><\/span><\/p>\n<hr \/>\n<p><strong>Description<br \/>\n<\/strong><\/p>\n<p>&nbsp;<\/p>\n<hr \/>\n<p><strong>Avis de l&#8217;\u00e9quipe<\/strong><\/p>\n<p><strong>\u00a0<\/strong><\/p>\n<hr \/>\n<p><strong>Prix<\/strong><\/p>\n<p>&nbsp;<\/p>\n<hr \/>\n<p><strong>Devis<\/strong><br \/>\nGotronic :<br \/>\nLectronic :<br \/>\nConrad :<br \/>\nA4 technology :<\/p>\n<hr \/>\n<p><strong>Tutoriels<\/strong><\/p>\n<p>&nbsp;<\/td>\n<\/tr>\n<\/tbody>\n<\/table>\n<h2><\/h2>\n<table class=\"montableautrois\">\n<tbody>\n<tr>\n<td class=\"avatarDansContactDeux\" align=\"center\" valign=\"top\"><img decoding=\"async\" src=\"\/technologie\/wp-content\/uploads\/sites\/24\/2019\/05\/impr3D02.png\" \/><\/td>\n<td class=\"DescriptionDansContact\" valign=\"top\">\n<p style=\"text-align: center\"><span style=\"font-size: 14pt\"><strong>Creality CR 10 S PRO<\/strong><\/span><\/p>\n<hr \/>\n<p><strong>Description<br \/>\n<\/strong><\/p>\n<p>&nbsp;<\/p>\n<hr \/>\n<p><strong>Avis de l&#8217;\u00e9quipe<\/strong><\/p>\n<p><strong>\u00a0<\/strong><\/p>\n<hr \/>\n<p><strong>Prix<\/strong><\/p>\n<p>&nbsp;<\/p>\n<hr \/>\n<p><strong>Devis<\/strong><br \/>\nGotronic :<br \/>\nLectronic :<br \/>\nConrad :<br \/>\nA4 technology :<\/p>\n<hr \/>\n<p><strong>Tutoriels<\/strong><\/p>\n<p>&nbsp;<\/td>\n<\/tr>\n<\/tbody>\n<\/table>\n<p>&nbsp;<\/p>\n<h2><\/h2>\n<p>&nbsp;<\/p>\n<hr \/>\n<h1 style=\"text-align: center\"><span style=\"color: #003366\">Logiciels pour activit\u00e9s p\u00e9dagogiques<br \/>\n<\/span><\/h1>\n<p>&nbsp;<\/p>\n<table class=\"montableautrois\">\n<tbody>\n<tr>\n<td class=\"avatarDansContactDeux\" align=\"center\" valign=\"top\"><img decoding=\"async\" src=\"\/technologie\/wp-content\/uploads\/sites\/24\/2019\/05\/robotProg.png\" \/><\/td>\n<td class=\"DescriptionDansContact\" valign=\"top\">\n<p style=\"text-align: center\"><span style=\"font-size: 14pt\"><strong>RobotProg<\/strong><\/span><\/p>\n<hr \/>\n<p><strong>Description<br \/>\n<\/strong><\/p>\n<p>&nbsp;<\/p>\n<hr \/>\n<p><strong>Avis de l&#8217;\u00e9quipe<\/strong><\/p>\n<p>&nbsp;<\/p>\n<hr \/>\n<p><strong>Prix<\/strong><\/p>\n<p>Gratuit<\/p>\n<hr \/>\n<p><strong>Lien de t\u00e9l\u00e9chargement<\/strong><\/p>\n<hr \/>\n<p><strong>Tutoriels<\/strong><\/p>\n<p>&nbsp;<\/td>\n<\/tr>\n<\/tbody>\n<\/table>\n<p>&nbsp;<\/p>\n<table class=\"montableautrois\">\n<tbody>\n<tr>\n<td class=\"avatarDansContactDeux\" align=\"center\" valign=\"top\"><img decoding=\"async\" src=\"\/technologie\/wp-content\/uploads\/sites\/24\/2019\/05\/mblock.png\" \/><\/td>\n<td class=\"DescriptionDansContact\" valign=\"top\">\n<p style=\"text-align: center\"><span style=\"font-size: 14pt\"><strong>MBlock<\/strong><\/span><\/p>\n<hr \/>\n<p><strong>Description<br \/>\n<\/strong><\/p>\n<p>&nbsp;<\/p>\n<hr \/>\n<p><strong>Avis de l&#8217;\u00e9quipe<\/strong><\/p>\n<p>&nbsp;<\/p>\n<hr \/>\n<p><strong>Prix<\/strong><\/p>\n<p>Gratuit<\/p>\n<hr \/>\n<p><strong>Lien de t\u00e9l\u00e9chargement<\/strong><\/p>\n<hr \/>\n<p><strong>Tutoriels<\/strong><\/p>\n<p>&nbsp;<\/td>\n<\/tr>\n<\/tbody>\n<\/table>\n<p>&nbsp;<\/p>\n<p>&nbsp;<\/p>\n<h2><\/h2>\n<p>&nbsp;<\/p>\n<hr \/>\n<h1 style=\"text-align: center\"><span style=\"color: #003366\">Outils logiciels pour conception de cours<br \/>\n<\/span><\/h1>\n<p>&nbsp;<\/p>\n<table class=\"montableautrois\">\n<tbody>\n<tr>\n<td class=\"avatarDansContactDeux\" align=\"center\" valign=\"top\"><img decoding=\"async\" src=\"\/technologie\/wp-content\/uploads\/sites\/24\/2019\/05\/paint.net_.png\" \/><\/td>\n<td class=\"DescriptionDansContact\" valign=\"top\">\n<p style=\"text-align: center\"><span style=\"font-size: 14pt\"><strong>Paint.NET<\/strong><\/span><\/p>\n<hr \/>\n<p><strong>Description<br \/>\n<\/strong><\/p>\n<p>&nbsp;<\/p>\n<hr \/>\n<p><strong>Avis de l&#8217;\u00e9quipe<\/strong><\/p>\n<p>&nbsp;<\/p>\n<hr \/>\n<p><strong>Prix<\/strong><\/p>\n<p>Gratuit<\/p>\n<hr \/>\n<p><strong>Lien de t\u00e9l\u00e9chargement<\/strong><\/p>\n<hr \/>\n<p><strong>Tutoriels<\/strong><\/p>\n<p>&nbsp;<\/td>\n<\/tr>\n<\/tbody>\n<\/table>\n<p>&nbsp;<\/p>\n<table class=\"montableautrois\">\n<tbody>\n<tr>\n<td class=\"avatarDansContactDeux\" align=\"center\" valign=\"top\"><img decoding=\"async\" src=\"\/technologie\/wp-content\/uploads\/sites\/24\/2019\/05\/construct2.png\" \/><\/td>\n<td class=\"DescriptionDansContact\" style=\"text-align: center\" valign=\"top\"><strong><span style=\"font-size: 14pt\">Construct2<\/span><br \/>\n<\/strong><\/p>\n<hr \/>\n<p style=\"text-align: left\"><strong>Description<br \/>\n<\/strong><\/p>\n<hr \/>\n<p style=\"text-align: left\"><strong>Avis de l&#8217;\u00e9quipe<\/strong><\/p>\n<hr \/>\n<p style=\"text-align: left\"><strong>Prix<\/strong><\/p>\n<p style=\"text-align: left\">Une version gratuite existe.<\/p>\n<hr \/>\n<p style=\"text-align: left\"><strong>Lien de t\u00e9l\u00e9chargement<\/strong><\/p>\n<hr \/>\n<p style=\"text-align: left\"><strong>Tutoriels<\/strong><\/p>\n<p>&nbsp;<\/td>\n<\/tr>\n<\/tbody>\n<\/table>\n<p>&nbsp;<\/p>\n<hr \/>\n<h1 style=\"text-align: center\"><span style=\"color: #003366\">Astuces<\/span><\/h1>\n<p>&nbsp;<\/p>\n<table class=\"montableautrois\">\n<tbody>\n<tr>\n<td class=\"avatarDansContactDeux\" align=\"center\" valign=\"top\"><img decoding=\"async\" src=\"\/technologie\/wp-content\/uploads\/sites\/24\/2019\/05\/chaiseBalles.png\" \/><\/td>\n<td class=\"DescriptionDansContact\" style=\"text-align: center\" valign=\"top\"><strong><span style=\"font-size: 14pt\">Chaises silencieuses<\/span><br \/>\n<\/strong><\/p>\n<hr \/>\n<p style=\"text-align: left\"><strong>Description<br \/>\n<\/strong><\/p>\n<p style=\"text-align: left\">Mettre des balles de tennis us\u00e9es sous les pieds des chaises.<\/p>\n<hr \/>\n<p style=\"text-align: left\"><strong>Avis de l&#8217;\u00e9quipe<\/strong><\/p>\n<p>&nbsp;<\/p>\n<hr \/>\n<p style=\"text-align: left\"><strong>Prix<\/strong><\/p>\n<p style=\"text-align: left\">~Gratuit<\/p>\n<\/td>\n<\/tr>\n<\/tbody>\n<\/table>\n<div style=\"display:none;\">\n<a href=\"https:\/\/javanrestaurant.com\/assets\/sgacor\/\">slot gacor<\/a><\/p>\n<div style=\"display:none;\">\n<a href=\"https:\/\/javanrestaurant.com\/assets\/sthai\/\">slot thailand<\/a><\/p>\n<div style=\"display:none;\">\n<a href=\"https:\/\/bridgejunks.com\/\">https:\/\/bridgejunks.com\/<\/a><\/p>\n<div style=\"display:none;\">\n<a href=\"https:\/\/balkanrock.com\/sthai\/\">slot thailand<\/a><\/p>\n<div style=\"display:none;\">\n<a href=\"https:\/\/dramalist.org\/\">https:\/\/dramalist.org\/<\/a><\/p>\n<div style=\"display:none;\">\n<a href=\"https:\/\/fisika.unram.ac.id\/himafis\/assets\/\">slot online<\/a><\/p>\n","protected":false},"excerpt":{"rendered":"<p>Cette page (en cours de conception) permet quelques suggestions sur ce qu&#8217;il vous faut pour \u00e9quiper votre laboratoire de technologie. Plan de salle &nbsp; Mat\u00e9riel P\u00e9dagogique Programmation embarqu\u00e9e Robot Mbot Description &nbsp; Avis de l&#8217;\u00e9quipe &nbsp; Prix \u00a0 Devis Gotronic &hellip; <a href=\"https:\/\/site.ac-martinique.fr\/technologie\/materiel\/\">Continuer la lecture <span class=\"meta-nav\">&rarr;<\/span><\/a><\/p>\n","protected":false},"author":80,"featured_media":0,"parent":0,"menu_order":0,"comment_status":"closed","ping_status":"closed","template":"","meta":{"footnotes":""},"class_list":["post-2137","page","type-page","status-publish","hentry"],"_links":{"self":[{"href":"https:\/\/site.ac-martinique.fr\/technologie\/wp-json\/wp\/v2\/pages\/2137","targetHints":{"allow":["GET"]}}],"collection":[{"href":"https:\/\/site.ac-martinique.fr\/technologie\/wp-json\/wp\/v2\/pages"}],"about":[{"href":"https:\/\/site.ac-martinique.fr\/technologie\/wp-json\/wp\/v2\/types\/page"}],"author":[{"embeddable":true,"href":"https:\/\/site.ac-martinique.fr\/technologie\/wp-json\/wp\/v2\/users\/80"}],"replies":[{"embeddable":true,"href":"https:\/\/site.ac-martinique.fr\/technologie\/wp-json\/wp\/v2\/comments?post=2137"}],"version-history":[{"count":13,"href":"https:\/\/site.ac-martinique.fr\/technologie\/wp-json\/wp\/v2\/pages\/2137\/revisions"}],"predecessor-version":[{"id":2962,"href":"https:\/\/site.ac-martinique.fr\/technologie\/wp-json\/wp\/v2\/pages\/2137\/revisions\/2962"}],"wp:attachment":[{"href":"https:\/\/site.ac-martinique.fr\/technologie\/wp-json\/wp\/v2\/media?parent=2137"}],"curies":[{"name":"wp","href":"https:\/\/api.w.org\/{rel}","templated":true}]}}