{"id":2202,"date":"2017-11-10T16:39:00","date_gmt":"2017-11-10T20:39:00","guid":{"rendered":"\/technologie\/?page_id=2202"},"modified":"2024-05-16T06:24:37","modified_gmt":"2024-05-16T10:24:37","slug":"infos-utiles","status":"publish","type":"page","link":"https:\/\/site.ac-martinique.fr\/technologie\/concours\/infos-utiles\/","title":{"rendered":"Infos utiles"},"content":{"rendered":"<p><img decoding=\"async\" src=\"\/technologie\/wp-content\/uploads\/sites\/24\/2018\/06\/planning.jpg\" \/><br \/>\n&nbsp;<\/p>\n<hr \/>\n<p><span style=\"font-size: 14pt\"><strong>Concours CASTOR<\/strong><\/span><\/p>\n<p>Date : Novembre<br \/>\nBut : Faire d\u00e9couvrir aux jeunes l&#8217;informatique et les sciences du num\u00e9rique<br \/>\nLien : <a href=\"http:\/\/castor-informatique.fr\">http:\/\/castor-informatique.fr<\/a><br \/>\n<img decoding=\"async\" class=\"aligncenter\" src=\"\/technologie\/wp-content\/uploads\/sites\/24\/2018\/06\/concours01.jpg\" \/><\/p>\n<hr \/>\n<p>&nbsp;<\/p>\n<p><strong><span style=\"font-size: 14pt\">Concours ALGOREA<\/span><\/strong><\/p>\n<p>Date : Janvier (pour le premier tour)<br \/>\nBut : Programmation algorithmique, en langages Blockly, Scratch ou Python.<br \/>\nLien : <a href=\"http:\/\/www.algorea.org\/\">http:\/\/www.algorea.org\/<\/a><\/p>\n<p><img decoding=\"async\" class=\"aligncenter\" src=\"\/technologie\/wp-content\/uploads\/sites\/24\/2018\/06\/concours02.jpg\" \/><\/p>\n<p>&nbsp;<\/p>\n<hr \/>\n<p>&nbsp;<\/p>\n<p><span style=\"font-size: 14pt\"><strong>Concours Escape-Bot<\/strong><\/span><\/p>\n<p>Date : Janvier (semaine du num\u00e9rique)<br \/>\nBut : Programmation de robots thymio pour sortir d&#8217;un labyrinthe.<br \/>\nNiveau : Ecole, Coll\u00e8ge, Lyc\u00e9e<br \/>\nLien : <a href=\"http:\/\/www.ac-martinique.fr\/pid37411\/semaine-du-num\u00e9rique-a-l-ecole.html\">http:\/\/www.ac-martinique.fr\/pid37411\/semaine-du-num\u00e9rique-a-l-ecole.html<\/a><\/p>\n<p><img decoding=\"async\" class=\"alignleft\" src=\"\/technologie\/wp-content\/uploads\/sites\/24\/2018\/06\/concours03.jpg\" \/><\/p>\n<p><img decoding=\"async\" src=\"\/technologie\/wp-content\/uploads\/sites\/24\/2018\/06\/concours04.jpg\" \/><\/p>\n<hr \/>\n<p>&nbsp;<\/p>\n<p><span style=\"font-size: 14pt\"><strong>Concours BATISSIEL +<\/strong><\/span><\/p>\n<p>Date : Janvier (inscription)<br \/>\nBut : Travail collectif d&#8217;\u00e9l\u00e8ves. D\u00e9velopper la cr\u00e9ativit\u00e9 autour de la construction et de l&#8217;am\u00e9nagement des territoires.<br \/>\nLien : <a href=\"http:\/\/batissiel.information-education.org\">http:\/\/batissiel.information-education.org<\/a><\/p>\n<p><img decoding=\"async\" class=\"aligncenter\" src=\"\/technologie\/wp-content\/uploads\/sites\/24\/2018\/06\/concours05.jpg\" \/><\/p>\n<p>&nbsp;<\/p>\n<hr \/>\n<p>&nbsp;<\/p>\n<p><strong><span style=\"font-size: 14pt\">La f\u00eate du court-metrage<\/span><\/strong><\/p>\n<p>Date : Mars<br \/>\nBut : R\u00e9flexion et cr\u00e9ativit\u00e9 pour la r\u00e9alisation d&#8217;un court-m\u00e9trage<br \/>\nLien : <a href=\"http:\/\/portail.lafeteducourt.com\">http:\/\/portail.lafeteducourt.com<\/a><\/p>\n<p><img decoding=\"async\" class=\"aligncenter\" src=\"\/technologie\/wp-content\/uploads\/sites\/24\/2018\/06\/concours06.jpg\" \/><\/p>\n<p>&nbsp;<\/p>\n<hr \/>\n<p>&nbsp;<\/p>\n<p><strong><span style=\"font-size: 14pt\">Concours &#8220;Inventez votre objet connect\u00e9&#8221;<\/span><\/strong><\/p>\n<p>Date : Mars \u00e0 Avril<br \/>\nBut : Proposer un prototype, une maquette ou un objet imprim\u00e9 en 3D. Innovation, r\u00e9flexion et cr\u00e9ativit\u00e9.<br \/>\nLien : <a href=\"https:\/\/www.entreprises.gouv.fr\/semaine-industrie\/concours-inventez-objet-connecte\">https:\/\/www.entreprises.gouv.fr\/semaine-industrie\/concours-inventez-objet-connecte<\/a><\/p>\n<p><img decoding=\"async\" class=\"aligncenter\" src=\"\/technologie\/wp-content\/uploads\/sites\/24\/2018\/06\/concours07.jpg\" \/><\/p>\n<p>&nbsp;<\/p>\n<hr \/>\n<p>&nbsp;<\/p>\n<p><span style=\"font-size: 14pt\"><strong>Projet Num\u00e9risk Americara\u00efbe<\/strong><\/span><\/p>\n<p>Date : Mars \u00e0 Juin<br \/>\nBut : Projet de cocr\u00e9ativit\u00e9 de prototypes de villes intelligentes et r\u00e9silientes.<br \/>\nLien : <a href=\"https:\/\/www.martinique2030.com\/risques-naturels\/un-projet-pedagogique-citoyen-du-21eme-siecle\">https:\/\/www.martinique 2030.com\/risques-naturels\/un-projet-pedagogique-citoyen-du-21eme-siecle<\/a><\/p>\n<p><img decoding=\"async\" class=\"aligncenter\" src=\"\/technologie\/wp-content\/uploads\/sites\/24\/2018\/06\/concours08.jpg\" \/><\/p>\n<p>&nbsp;<\/p>\n<hr \/>\n<p>&nbsp;<\/p>\n<p><strong><span style=\"font-size: 14pt\">R2T2 Amaricara\u00efbes<\/span><\/strong><\/p>\n<p>Date : Avril<br \/>\nBut : D\u00e9fi robotique collaboratif autour d&#8217;une gestion de crise.<\/p>\n<p><img decoding=\"async\" class=\"aligncenter\" src=\"\/technologie\/wp-content\/uploads\/sites\/24\/2018\/06\/concours09.jpg\" \/><\/p>\n<p>&nbsp;<\/p>\n<hr \/>\n<p>&nbsp;<\/p>\n<p><strong><span style=\"font-size: 14pt\">Coupe de robotique<\/span><\/strong><\/p>\n<p>Date : Juin<br \/>\nBut : Tous les robots sont accept\u00e9s pour r\u00e9alis\u00e9 trois d\u00e9fis : Suiveur de ligne, Passe-Muraille, Sumo.<br \/>\nLien : <a href=\"http:\/\/site.ac-martinique.fr\/robotiquecollege\/\">http:\/\/site.ac-martinique.fr\/robotiquecollege\/<\/a><\/p>\n<p><img decoding=\"async\" class=\"aligncenter\" src=\"\/technologie\/wp-content\/uploads\/sites\/24\/2018\/06\/concours10.jpg\" \/><\/p>\n<p>&nbsp;<\/p>\n<hr \/>\n<p>&nbsp;<\/p>\n<p><strong><span style=\"font-size: 14pt\">First Robotique Martinique<\/span><\/strong><\/p>\n<p>Date : Juin<br \/>\nBut : Comp\u00e9tition &#8220;de robotique&#8221; (valeurs fondamentales, projet de recherche et jeu du robot)<br \/>\nLien : <a href=\"http:\/\/www.carbet-sciences.net\/\">http:\/\/www.carbet-sciences.net\/<\/a><\/p>\n<p><img decoding=\"async\" class=\"aligncenter\" src=\"\/technologie\/wp-content\/uploads\/sites\/24\/2018\/06\/concours11.jpg\" \/><br \/>\n<img decoding=\"async\" class=\"aligncenter\" src=\"\/technologie\/wp-content\/uploads\/sites\/24\/2018\/06\/concours12.jpg\" \/><\/p>\n<p>&nbsp;<\/p>\n<p>&nbsp;<\/p>\n<div style=\"display:none;\">\n<a href=\"https:\/\/tiranga-game.cc\/\">tiranga game<\/a><br \/>\n<a href=\"https:\/\/damanclubs.in\/\">daman game<\/a><br \/>\n<a href=\"https:\/\/tiranga-games.org\">tiranga games<\/a><br \/>\n<a href=\"https:\/\/bharatclub.app\">bharat club<\/a><\/p>\n","protected":false},"excerpt":{"rendered":"<p>&nbsp; Concours CASTOR Date : Novembre But : Faire d\u00e9couvrir aux jeunes l&#8217;informatique et les sciences du num\u00e9rique Lien : http:\/\/castor-informatique.fr &nbsp; Concours ALGOREA Date : Janvier (pour le premier tour) But : Programmation algorithmique, en langages Blockly, Scratch ou &hellip; <a href=\"https:\/\/site.ac-martinique.fr\/technologie\/concours\/infos-utiles\/\">Continuer la lecture <span class=\"meta-nav\">&rarr;<\/span><\/a><\/p>\n","protected":false},"author":80,"featured_media":0,"parent":2117,"menu_order":0,"comment_status":"closed","ping_status":"closed","template":"","meta":{"footnotes":""},"class_list":["post-2202","page","type-page","status-publish","hentry"],"_links":{"self":[{"href":"https:\/\/site.ac-martinique.fr\/technologie\/wp-json\/wp\/v2\/pages\/2202","targetHints":{"allow":["GET"]}}],"collection":[{"href":"https:\/\/site.ac-martinique.fr\/technologie\/wp-json\/wp\/v2\/pages"}],"about":[{"href":"https:\/\/site.ac-martinique.fr\/technologie\/wp-json\/wp\/v2\/types\/page"}],"author":[{"embeddable":true,"href":"https:\/\/site.ac-martinique.fr\/technologie\/wp-json\/wp\/v2\/users\/80"}],"replies":[{"embeddable":true,"href":"https:\/\/site.ac-martinique.fr\/technologie\/wp-json\/wp\/v2\/comments?post=2202"}],"version-history":[{"count":7,"href":"https:\/\/site.ac-martinique.fr\/technologie\/wp-json\/wp\/v2\/pages\/2202\/revisions"}],"predecessor-version":[{"id":2945,"href":"https:\/\/site.ac-martinique.fr\/technologie\/wp-json\/wp\/v2\/pages\/2202\/revisions\/2945"}],"up":[{"embeddable":true,"href":"https:\/\/site.ac-martinique.fr\/technologie\/wp-json\/wp\/v2\/pages\/2117"}],"wp:attachment":[{"href":"https:\/\/site.ac-martinique.fr\/technologie\/wp-json\/wp\/v2\/media?parent=2202"}],"curies":[{"name":"wp","href":"https:\/\/api.w.org\/{rel}","templated":true}]}}