{"id":213,"date":"2021-10-06T04:52:41","date_gmt":"2021-10-06T02:52:41","guid":{"rendered":"https:\/\/site.ac-martinique.fr\/transatjacquesvabre\/?page_id=213"},"modified":"2021-10-22T01:19:36","modified_gmt":"2021-10-21T23:19:36","slug":"la-transat-jacques-vabre-1er-degre","status":"publish","type":"page","link":"https:\/\/site.ac-martinique.fr\/transat\/?page_id=213","title":{"rendered":"La Transat Jacques Vabre &#8211; 1er degr\u00e9"},"content":{"rendered":"\n<p><\/p>\n\n\n<div style=\"width: 100%;\">\n<div style=\"position: relative; padding-bottom: 47.92%; padding-top: 0; height: 0;\"><iframe loading=\"lazy\" frameborder=\"0\" width=\"1200\" height=\"575\" style=\"position: absolute; top: 0; left: 0; width: 100%; height: 100%;\" src=\"https:\/\/view.genial.ly\/615d965eb234ed0e32597550\" type=\"text\/html\" allowscriptaccess=\"always\" allowfullscreen=\"true\" scrolling=\"yes\" allownetworking=\"all\"><\/iframe> <\/div>\n<\/p><\/div>\n\n\n\n<p><\/p>\n\n\n\n<div class=\"wp-block-columns is-layout-flex wp-container-core-columns-is-layout-abceabcf wp-block-columns-is-layout-flex\">\n<div class=\"wp-block-column tw-mb-0 tw-mt-0 is-layout-flow wp-block-column-is-layout-flow\" style=\"--col-width:100px;flex-basis:100px\">\n<figure class=\"wp-block-image size-thumbnail is-resized is-style-default\"><img loading=\"lazy\" decoding=\"async\" src=\"https:\/\/site.ac-martinique.fr\/transatjacquesvabre\/wp-content\/uploads\/sites\/86\/2021\/10\/Logo-Trans-actions-TJV-3-1-150x150.jpg\" alt=\"\" class=\"wp-image-360\" width=\"101\" height=\"101\" srcset=\"https:\/\/site.ac-martinique.fr\/transat\/wp-content\/uploads\/sites\/86\/2021\/10\/Logo-Trans-actions-TJV-3-1-150x150.jpg 150w, https:\/\/site.ac-martinique.fr\/transat\/wp-content\/uploads\/sites\/86\/2021\/10\/Logo-Trans-actions-TJV-3-1.jpg 273w\" sizes=\"auto, (max-width: 101px) 100vw, 101px\" \/><\/figure>\n<\/div>\n\n\n\n<div class=\"wp-block-column is-vertically-aligned-bottom is-layout-flow wp-block-column-is-layout-flow\" style=\"--col-width:500px;flex-basis:500px\">\n<p style=\"font-size:30px\"> <strong><span style=\"color:#713f1b\" class=\"has-inline-color\">Projet Transat Jacques Vabre 1D Acad\u00e9mie de Martinique<\/span><\/strong> <\/p>\n<\/div>\n<\/div>\n\n\n\n<p>Tous les 2 ans au mois de novembre s\u2019\u00e9lancent du port du Havre des bateaux \u00e0 voile multicoques et monocoques. Ils participent \u00e0 la XV\u00e8me \u00e9dition de la Transat Jacques Vabre qui est une course transatlantique en double (2 navigateurs par bateau) qui dure environ 3 semaines.<\/p>\n\n\n\n<p>Le projet <span class=\"has-inline-color has-luminous-vivid-orange-color\">\u00ab <strong><em>Transat Jacques Vabre : carnet de voyage<\/em><\/strong> \u00bb<\/span> permet aux \u00e9l\u00e8ves du <strong>primaire<\/strong> d\u2019enrichir leurs connaissances <strong>sur le monde nautique et l\u2019univers de la mer<\/strong>, en plus d\u2019assoir l\u2019acquisition de comp\u00e9tences dans divers domaines disciplinaires (EPS, fran\u00e7ais, math\u00e9matiques, sciences-EDD, histoire et g\u00e9ographie, EMC, langue et culture r\u00e9gionale, langues vivantes \u00e9trang\u00e8res, arts plastiques et visuels, \u00e9ducation musicale).                                                                       Il se d\u00e9cline en cinq <strong><span style=\"color:#74492b\" class=\"has-inline-color\">TRANS&rsquo;ACTION<\/span>S<span style=\"color:#59361d\" class=\"has-inline-color\"><\/span><\/strong>.<\/p>\n\n\n\n<p>Il s\u2019agit pour l\u2019\u00e9l\u00e8ve de produire un <strong>carnet de voyage<\/strong> au format de son choix (num\u00e9rique, plastique, oralis\u00e9, etc.), illustrant les connaissances apprises dans les domaines susmentionn\u00e9s.                                                                              En fonction de leurs missions, les Conseillers P\u00e9dagogiques D\u00e9partementaux (CPD) accompagneront les diff\u00e9rentes actions. <\/p>\n\n\n\n<p>Ces actions seront inscrites dans une <strong>continuit\u00e9 p\u00e9dagogique d\u2019apprentissage<\/strong> sur le long terme, notamment \u00e0 travers la <strong>mise en place de projets pluridisciplinaires<\/strong> de classe, d\u2019\u00e9cole ou de circonscription ou la participation des classes aux divers projets par les missions acad\u00e9miques&nbsp;: <strong><span class=\"has-inline-color has-vivid-cyan-blue-color\">sur la th\u00e9matique de la mer, de l&rsquo;histoire coloniale transatlantique, de la biodiversit\u00e9 et l&rsquo;EDD, l\u2019innovation scientifique, les math\u00e9matiques et la navigation, les arts et la culture, etc.<\/span><\/strong><\/p>\n\n\n\n<div class=\"wp-block-columns is-layout-flex wp-container-core-columns-is-layout-abceabcf wp-block-columns-is-layout-flex\">\n<div class=\"wp-block-column is-vertically-aligned-center tw-mb-0 tw-mt-0 is-layout-flow wp-block-column-is-layout-flow\" style=\"--col-width:120px;flex-basis:120px\">\n<figure class=\"wp-block-gallery alignwide columns-1 is-cropped wp-block-gallery-1 is-layout-flex wp-block-gallery-is-layout-flex\"><ul class=\"blocks-gallery-grid\"><li class=\"blocks-gallery-item\"><figure><img loading=\"lazy\" decoding=\"async\" width=\"222\" height=\"227\" src=\"https:\/\/site.ac-martinique.fr\/transatjacquesvabre\/wp-content\/uploads\/sites\/86\/2021\/10\/carte-globe-TJV.jpg\" alt=\"\" data-id=\"338\" data-full-url=\"https:\/\/site.ac-martinique.fr\/transatjacquesvabre\/wp-content\/uploads\/sites\/86\/2021\/10\/carte-globe-TJV.jpg\" data-link=\"https:\/\/site.ac-martinique.fr\/transatjacquesvabre\/?attachment_id=338\" class=\"wp-image-338\" srcset=\"https:\/\/site.ac-martinique.fr\/transat\/wp-content\/uploads\/sites\/86\/2021\/10\/carte-globe-TJV.jpg 222w, https:\/\/site.ac-martinique.fr\/transat\/wp-content\/uploads\/sites\/86\/2021\/10\/carte-globe-TJV-147x150.jpg 147w\" sizes=\"auto, (max-width: 222px) 100vw, 222px\" \/><\/figure><\/li><\/ul><\/figure>\n<\/div>\n\n\n\n<div class=\"wp-block-column is-vertically-aligned-bottom is-layout-flow wp-block-column-is-layout-flow\" style=\"--col-width:700px;flex-basis:700px\">\n<p style=\"font-size:30px\"> <strong><span style=\"color:#713f1b\" class=\"has-inline-color\">Des ressources p\u00e9dagogiques&#8230; et autres liens<\/span><\/strong>  <\/p>\n<\/div>\n<\/div>\n\n\n\n<ul class=\"wp-block-list\"><li><a rel=\"noreferrer noopener\" href=\"https:\/\/eduscol.education.fr\/83\/j-enseigne-au-cycle-1\" target=\"_blank\">https:\/\/eduscol.education.fr\/83\/j-enseigne-au-cycle-1<\/a> <\/li><li><a rel=\"noreferrer noopener\" href=\"https:\/\/eduscol.education.fr\/84\/j-enseigne-au-cycle-2\" target=\"_blank\">https:\/\/eduscol.education.fr\/84\/j-enseigne-au-cycle-2<\/a><\/li><li><a href=\"https:\/\/cache.media.eduscol.education.fr\/file\/Cycle_3\/97\/3\/CETACE_cahier-pedagogique_1322973.pdf\">https:\/\/edusol.education.fr\/87\/j-enseigne-au-cycle-3<\/a><\/li><li>L&rsquo;EAC : <a href=\"https:\/\/www.education.gouv.fr\/l-education-artistique-et-culturelle-7496\">L&rsquo;\u00e9ducation artistique et culturelle | Minist\u00e8re de l&rsquo;Education Nationale de la Jeunesse et des Sports<\/a><\/li><li>Kit p\u00e9dagogique de la Fondation de la Mer (sur Eduscol) : <ul><li><a href=\"https:\/\/cache.media.eduscol.education.fr\/file\/Cycle_3\/97\/3\/CETACE_cahier-pedagogique_1322973.pdf\">https:\/\/cache.media.eduscol.education.fr\/file\/Cycle_3\/97\/3\/CETACE_cahier-pedagogique_1322973.pdf<\/a><\/li><li><a rel=\"noreferrer noopener\" href=\"https:\/\/cache.media.eduscol.education.fr\/file\/Cycle_3\/97\/5\/CETACE_livret-enseignant_1322975.pdf\" target=\"_blank\">https:\/\/cache.media.eduscol.education.fr\/file\/Cycle_3\/97\/5\/CETACE_livret-enseignant_1322975.pdf<\/a><\/li><\/ul><\/li><li>Eduscol Maternelle : les bateaux : <a href=\"https:\/\/cache.media.eduscol.education.fr\/file\/Explorer\/20\/5\/Ress_c1_Explorer_bateaux_528205.pdf\">Ress_c1_Explorer_bateaux_528205.pdf (education.fr)<\/a><\/li><\/ul>\n\n\n\n<div style=\"height:17px\" aria-hidden=\"true\" class=\"wp-block-spacer\"><\/div>\n\n\n\n<figure class=\"wp-block-image size-thumbnail is-resized is-style-rounded\"><img loading=\"lazy\" decoding=\"async\" src=\"https:\/\/site.ac-martinique.fr\/transatjacquesvabre\/wp-content\/uploads\/sites\/86\/2021\/10\/1images-1-150x142.jpg\" alt=\"\" class=\"wp-image-415\" width=\"75\" height=\"71\"\/><\/figure>\n\n\n\n<ul class=\"wp-block-list\"><li>Teaser de la r\u00e9gate TJV 2021 : <a href=\"https:\/\/www.youtube.com\/watch?v=gc76rRsKOiM\" target=\"_blank\" rel=\"noreferrer noopener\">https:\/\/www.youtube.com\/watch?v=gc76rRsKOiM<\/a><\/li><li>Escape game \u00ab\u00a0Panique \u00e0 la Transat Jacques Vabre\u00a0\u00bb (fiches p\u00e9dagogiques, carte, affiche, vid\u00e9os) : <a href=\"https:\/\/junior.transatjacquesvabre.org\/\" target=\"_blank\" rel=\"noreferrer noopener\">https:\/\/junior.transatjacquesvabre.org\/<\/a><\/li><li>Podcast du \u00ab\u00a0Caf\u00e9 du jour\u00a0\u00bb avec Paul Meilhat, co-skipper de Apivia (Imoca), et Stan Thuret, skipper de Everial (Class40) sur la responsabilit\u00e9 environnementale : <a href=\"https:\/\/www.transatjacquesvabre.org\/fr\/actualites\/actualite\/2362\/ecoutez-l-episode-4-de-un-cafe-pour-la-route-le-podcast-propose-par-jacques-vabre\" target=\"_blank\" rel=\"noreferrer noopener\">https:\/\/www.transatjacquesvabre.org\/fr\/actualites\/actualite\/2362\/ecoutez-l-episode-4-de-un-cafe-pour-la-route-le-podcast-propose-par-jacques-vabre<\/a><\/li><li>Jamy explique aux \u00e9l\u00e8ves les difficult\u00e9s de la travers\u00e9e de l&rsquo;Oc\u00e9an Atlantique (2019) : <a href=\"https:\/\/www.youtube.com\/watch?v=oUqwYmMHa_8\" target=\"_blank\" rel=\"noreferrer noopener\">https:\/\/www.youtube.com\/watch?v=oUqwYmMHa_8<\/a><\/li><li>D\u00e9couvrez les skippers des 4 cat\u00e9gories. Votre classe en rencontrera certainement \u00e0 leur arriv\u00e9e : <ul><li><a href=\"https:\/\/www.transatjacquesvabre.org\/fr\/skippers\/class40\" target=\"_blank\" rel=\"noreferrer noopener\">https:\/\/www.transatjacquesvabre.org\/fr\/skippers\/class40<\/a><\/li><li><a href=\"https:\/\/www.transatjacquesvabre.org\/fr\/skippers\/imoca\" target=\"_blank\" rel=\"noreferrer noopener\">https:\/\/www.transatjacquesvabre.org\/fr\/skippers\/imoca<\/a><\/li><li><a href=\"https:\/\/www.transatjacquesvabre.org\/fr\/skippers\/ocean-fifty\" target=\"_blank\" rel=\"noreferrer noopener\">https:\/\/www.transatjacquesvabre.org\/fr\/skippers\/ocean-fifty<\/a><\/li><li><a href=\"https:\/\/www.transatjacquesvabre.org\/fr\/skippers\/ultime\" target=\"_blank\" rel=\"noreferrer noopener\">https:\/\/www.transatjacquesvabre.org\/fr\/skippers\/ultime<\/a><\/li><\/ul><\/li><\/ul>\n\n\n\n<div class=\"wp-block-columns is-layout-flex wp-container-core-columns-is-layout-abceabcf wp-block-columns-is-layout-flex\">\n<div class=\"wp-block-column is-vertically-aligned-center tw-mb-0 tw-mt-0 is-layout-flow wp-block-column-is-layout-flow\" style=\"--col-width:120px;flex-basis:120px\"><\/div>\n\n\n\n<div class=\"wp-block-column is-vertically-aligned-bottom is-layout-flow wp-block-column-is-layout-flow\" style=\"--col-width:700px;flex-basis:700px\">\n<p style=\"font-size:30px\"> <strong><span style=\"color:#713f1b\" class=\"has-inline-color\">Des sites \u00e0 explorer&#8230; <\/span><\/strong> <\/p>\n<\/div>\n<\/div>\n\n\n\n<div class=\"wp-block-group alignfull\"><div class=\"wp-block-group__inner-container is-layout-flow wp-block-group-is-layout-flow\">\n<h2 class=\"has-text-align-center wp-block-heading\"><\/h2>\n\n\n\n<div class=\"wp-block-columns alignwide tw-cols-stack-sm is-layout-flex wp-container-core-columns-is-layout-abceabcf wp-block-columns-is-layout-flex\">\n<div class=\"wp-block-column is-layout-flow wp-block-column-is-layout-flow\">\n<figure class=\"wp-block-image size-full is-resized is-style-rounded\"><a href=\"https:\/\/www.parc-marin-martinique.fr\/\" target=\"_blank\" rel=\"https:\/\/www.parc-marin-martinique.fr noopener\"><img loading=\"lazy\" decoding=\"async\" src=\"https:\/\/site.ac-martinique.fr\/transatjacquesvabre\/wp-content\/uploads\/sites\/86\/2021\/10\/PNMM.png\" alt=\"\" class=\"wp-image-413\" width=\"255\" height=\"255\" srcset=\"https:\/\/site.ac-martinique.fr\/transat\/wp-content\/uploads\/sites\/86\/2021\/10\/PNMM.png 225w, https:\/\/site.ac-martinique.fr\/transat\/wp-content\/uploads\/sites\/86\/2021\/10\/PNMM-150x150.png 150w\" sizes=\"auto, (max-width: 255px) 100vw, 255px\" \/><\/a><\/figure>\n\n\n\n<h3 class=\"wp-block-heading\" style=\"font-size:30px\">PNMM \/ OFB<\/h3>\n\n\n\n<p>Le Parc Naturel Marin de Martinique \/ Office Fran\u00e7ais de la Biodiversit\u00e9 sera pr\u00e9sent au Village de la TJV<\/p>\n<\/div>\n\n\n\n<div class=\"wp-block-column is-layout-flow wp-block-column-is-layout-flow\">\n<figure class=\"wp-block-image\"><img decoding=\"async\" src=\"https:\/\/maudfontenoyfondation.com\/wp-content\/uploads\/2020\/09\/maud2-1.png\" alt=\"\"\/><\/figure>\n\n\n\n<h1 class=\"wp-block-heading\">Fondation Maud Fontenoy<\/h1>\n\n\n\n<p><a href=\"https:\/\/maudfontenoyfondation.com\" target=\"_blank\" rel=\"noreferrer noopener\">https:\/\/maudfontenoyfondation.com<\/a><\/p>\n<\/div>\n\n\n\n<div class=\"wp-block-column is-layout-flow wp-block-column-is-layout-flow\">\n<figure class=\"wp-block-image size-full is-style-rounded\"><a href=\"https:\/\/oceans.taraexpeditions.org\" target=\"_blank\" rel=\"oceans.taraexpeditions.org noopener\"><img loading=\"lazy\" decoding=\"async\" width=\"275\" height=\"183\" src=\"https:\/\/site.ac-martinique.fr\/transatjacquesvabre\/wp-content\/uploads\/sites\/86\/2021\/10\/4images.jpg\" alt=\"\" class=\"wp-image-367\" srcset=\"https:\/\/site.ac-martinique.fr\/transat\/wp-content\/uploads\/sites\/86\/2021\/10\/4images.jpg 275w, https:\/\/site.ac-martinique.fr\/transat\/wp-content\/uploads\/sites\/86\/2021\/10\/4images-150x100.jpg 150w, https:\/\/site.ac-martinique.fr\/transat\/wp-content\/uploads\/sites\/86\/2021\/10\/4images-225x150.jpg 225w\" sizes=\"auto, (max-width: 275px) 100vw, 275px\" \/><\/a><\/figure>\n\n\n\n<h3 class=\"has-large-font-size wp-block-heading\">Fondation TARA Oc\u00e9an<\/h3>\n\n\n\n<p>oceans.taraexpeditions.org<\/p>\n\n\n\n<p><\/p>\n<\/div>\n<\/div>\n\n\n\n<div class=\"wp-block-columns alignwide tw-cols-stack-sm is-layout-flex wp-container-core-columns-is-layout-abceabcf wp-block-columns-is-layout-flex\">\n<div class=\"wp-block-column is-layout-flow wp-block-column-is-layout-flow\">\n<figure class=\"wp-block-image size-full is-style-rounded\"><a href=\"https:\/\/site.ac-martinique.fr\/transatjacquesvabre\/?attachment_id=371\"><img loading=\"lazy\" decoding=\"async\" width=\"259\" height=\"194\" src=\"https:\/\/site.ac-martinique.fr\/transatjacquesvabre\/wp-content\/uploads\/sites\/86\/2021\/10\/CBOM.jpg\" alt=\"\" class=\"wp-image-371\" srcset=\"https:\/\/site.ac-martinique.fr\/transat\/wp-content\/uploads\/sites\/86\/2021\/10\/CBOM.jpg 259w, https:\/\/site.ac-martinique.fr\/transat\/wp-content\/uploads\/sites\/86\/2021\/10\/CBOM-150x112.jpg 150w, https:\/\/site.ac-martinique.fr\/transat\/wp-content\/uploads\/sites\/86\/2021\/10\/CBOM-200x150.jpg 200w\" sizes=\"auto, (max-width: 259px) 100vw, 259px\" \/><\/a><\/figure>\n\n\n\n<h3 class=\"wp-block-heading\" style=\"font-size:30px\">Compteur de Biodiversit\u00e9 Outre-mer<\/h3>\n\n\n\n<p>Leur page sur les ECOGESTES. Cliquez sur le lien <a href=\"https:\/\/biodiversite-outre-mer.fr\/ecogestes\" data-type=\"URL\" data-id=\"https:\/\/biodiversite-outre-mer.fr\/ecogestes\" target=\"_blank\" rel=\"noreferrer noopener\">https:\/\/biodiversite-outre-mer.fr\/ecogestes<\/a><\/p>\n<\/div>\n\n\n\n<div class=\"wp-block-column is-layout-flow wp-block-column-is-layout-flow\">\n<figure class=\"wp-block-image size-full is-resized is-style-rounded\"><img loading=\"lazy\" decoding=\"async\" src=\"https:\/\/site.ac-martinique.fr\/transatjacquesvabre\/wp-content\/uploads\/sites\/86\/2021\/10\/Yole-course.jpg\" alt=\"\" class=\"wp-image-348\" width=\"254\" height=\"150\" srcset=\"https:\/\/site.ac-martinique.fr\/transat\/wp-content\/uploads\/sites\/86\/2021\/10\/Yole-course.jpg 292w, https:\/\/site.ac-martinique.fr\/transat\/wp-content\/uploads\/sites\/86\/2021\/10\/Yole-course-150x89.jpg 150w, https:\/\/site.ac-martinique.fr\/transat\/wp-content\/uploads\/sites\/86\/2021\/10\/Yole-course-250x148.jpg 250w\" sizes=\"auto, (max-width: 254px) 100vw, 254px\" \/><\/figure>\n\n\n\n<h3 class=\"has-large-font-size wp-block-heading\">Cinqui\u00e8me \u00e9l\u00e9ment<\/h3>\n\n\n\n<p>&#8230;. <\/p>\n<\/div>\n\n\n\n<div class=\"wp-block-column is-layout-flow wp-block-column-is-layout-flow\">\n<figure class=\"wp-block-image size-full is-style-rounded\"><img loading=\"lazy\" decoding=\"async\" width=\"275\" height=\"183\" src=\"https:\/\/site.ac-martinique.fr\/transatjacquesvabre\/wp-content\/uploads\/sites\/86\/2021\/10\/photo-marina-Havre.jpg\" alt=\"\" class=\"wp-image-262\" srcset=\"https:\/\/site.ac-martinique.fr\/transat\/wp-content\/uploads\/sites\/86\/2021\/10\/photo-marina-Havre.jpg 275w, https:\/\/site.ac-martinique.fr\/transat\/wp-content\/uploads\/sites\/86\/2021\/10\/photo-marina-Havre-150x100.jpg 150w, https:\/\/site.ac-martinique.fr\/transat\/wp-content\/uploads\/sites\/86\/2021\/10\/photo-marina-Havre-225x150.jpg 225w\" sizes=\"auto, (max-width: 275px) 100vw, 275px\" \/><\/figure>\n\n\n\n<h3 class=\"has-large-font-size wp-block-heading\">Sixi\u00e8me \u00e9l\u00e9ment<\/h3>\n\n\n\n<p>&#8230;.<\/p>\n<\/div>\n<\/div>\n<\/div><\/div>\n\n\n\n<p><\/p>\n","protected":false},"excerpt":{"rendered":"<p>Projet Transat Jacques Vabre 1D Acad\u00e9mie de Martinique Tous les 2 ans au mois de novembre s\u2019\u00e9lancent du port du Havre des bateaux \u00e0 voile multicoques et monocoques. Ils participent \u00e0 la XV\u00e8me \u00e9dition de la Transat Jacques Vabre qui est une course transatlantique en double (2 navigateurs par bateau)&#8230; <a class=\"continue-reading-link\" href=\"https:\/\/site.ac-martinique.fr\/transat\/?page_id=213\">Lire la suite&#8230; <span class=\"meta-nav\">&rarr; <\/span><\/a><\/p>\n","protected":false},"author":206,"featured_media":0,"parent":0,"menu_order":0,"comment_status":"closed","ping_status":"closed","template":"","meta":{"footnotes":"","_links_to":"","_links_to_target":""},"class_list":["post-213","page","type-page","status-publish","hentry"],"_links":{"self":[{"href":"https:\/\/site.ac-martinique.fr\/transat\/index.php?rest_route=\/wp\/v2\/pages\/213","targetHints":{"allow":["GET"]}}],"collection":[{"href":"https:\/\/site.ac-martinique.fr\/transat\/index.php?rest_route=\/wp\/v2\/pages"}],"about":[{"href":"https:\/\/site.ac-martinique.fr\/transat\/index.php?rest_route=\/wp\/v2\/types\/page"}],"author":[{"embeddable":true,"href":"https:\/\/site.ac-martinique.fr\/transat\/index.php?rest_route=\/wp\/v2\/users\/206"}],"replies":[{"embeddable":true,"href":"https:\/\/site.ac-martinique.fr\/transat\/index.php?rest_route=%2Fwp%2Fv2%2Fcomments&post=213"}],"version-history":[{"count":21,"href":"https:\/\/site.ac-martinique.fr\/transat\/index.php?rest_route=\/wp\/v2\/pages\/213\/revisions"}],"predecessor-version":[{"id":509,"href":"https:\/\/site.ac-martinique.fr\/transat\/index.php?rest_route=\/wp\/v2\/pages\/213\/revisions\/509"}],"wp:attachment":[{"href":"https:\/\/site.ac-martinique.fr\/transat\/index.php?rest_route=%2Fwp%2Fv2%2Fmedia&parent=213"}],"curies":[{"name":"wp","href":"https:\/\/api.w.org\/{rel}","templated":true}]}}